{"id":1126,"date":"2023-03-23T10:32:36","date_gmt":"2023-03-23T10:32:36","guid":{"rendered":"https:\/\/lsshollabrunn.ac.at\/?page_id=1126"},"modified":"2023-03-23T10:35:51","modified_gmt":"2023-03-23T10:35:51","slug":"dipl-paed-iris-trinnes","status":"publish","type":"page","link":"https:\/\/lsshollabrunn.ac.at\/?page_id=1126","title":{"rendered":"Dipl. P\u00e4d. Iris Trinnes"},"content":{"rendered":"<blockquote><p>Was wir brauchen&#8230;<\/p>\n<p>&#8230; ist Kraft f\u00fcr das, was vor uns liegt. Mut f\u00fcr das, was wir tun m\u00fcssen und Liebe f\u00fcr die Menschen, denen wir begegnen. Das alles in tiefem Vertrauen in uns selbst.<img loading=\"lazy\" decoding=\"async\" class=\"alignnone wp-image-1120 size-large\" src=\"https:\/\/lsshollabrunn.ac.at\/wp-content\/uploads\/2023\/03\/Iris-768x1024.jpg\" alt=\"\" width=\"768\" height=\"1024\" srcset=\"https:\/\/lsshollabrunn.ac.at\/wp-content\/uploads\/2023\/03\/Iris-768x1024.jpg 768w, https:\/\/lsshollabrunn.ac.at\/wp-content\/uploads\/2023\/03\/Iris-225x300.jpg 225w, https:\/\/lsshollabrunn.ac.at\/wp-content\/uploads\/2023\/03\/Iris-1152x1536.jpg 1152w, https:\/\/lsshollabrunn.ac.at\/wp-content\/uploads\/2023\/03\/Iris-600x800.jpg 600w, https:\/\/lsshollabrunn.ac.at\/wp-content\/uploads\/2023\/03\/Iris.jpg 1536w\" sizes=\"auto, (max-width: 768px) 100vw, 768px\" \/><\/p><\/blockquote>\n","protected":false},"excerpt":{"rendered":"<p>Was wir brauchen&#8230; &#8230; ist Kraft f\u00fcr das, was vor uns liegt. Mut f\u00fcr das, was wir tun m\u00fcssen und Liebe f\u00fcr die Menschen, denen wir begegnen. Das alles in tiefem Vertrauen in uns selbst.<\/p>\n","protected":false},"author":1,"featured_media":0,"parent":0,"menu_order":0,"comment_status":"closed","ping_status":"closed","template":"","meta":{"footnotes":""},"class_list":["post-1126","page","type-page","status-publish","hentry"],"_links":{"self":[{"href":"https:\/\/lsshollabrunn.ac.at\/index.php?rest_route=\/wp\/v2\/pages\/1126","targetHints":{"allow":["GET"]}}],"collection":[{"href":"https:\/\/lsshollabrunn.ac.at\/index.php?rest_route=\/wp\/v2\/pages"}],"about":[{"href":"https:\/\/lsshollabrunn.ac.at\/index.php?rest_route=\/wp\/v2\/types\/page"}],"author":[{"embeddable":true,"href":"https:\/\/lsshollabrunn.ac.at\/index.php?rest_route=\/wp\/v2\/users\/1"}],"replies":[{"embeddable":true,"href":"https:\/\/lsshollabrunn.ac.at\/index.php?rest_route=%2Fwp%2Fv2%2Fcomments&post=1126"}],"version-history":[{"count":5,"href":"https:\/\/lsshollabrunn.ac.at\/index.php?rest_route=\/wp\/v2\/pages\/1126\/revisions"}],"predecessor-version":[{"id":1132,"href":"https:\/\/lsshollabrunn.ac.at\/index.php?rest_route=\/wp\/v2\/pages\/1126\/revisions\/1132"}],"wp:attachment":[{"href":"https:\/\/lsshollabrunn.ac.at\/index.php?rest_route=%2Fwp%2Fv2%2Fmedia&parent=1126"}],"curies":[{"name":"wp","href":"https:\/\/api.w.org\/{rel}","templated":true}]}}