{"id":195,"date":"2019-08-24T11:25:22","date_gmt":"2019-08-24T11:25:22","guid":{"rendered":"https:\/\/lsshollabrunn.ac.at\/?page_id=195"},"modified":"2019-12-04T10:59:09","modified_gmt":"2019-12-04T10:59:09","slug":"geschichte-der-schule","status":"publish","type":"page","link":"https:\/\/lsshollabrunn.ac.at\/?page_id=195","title":{"rendered":"Geschichte der Schule"},"content":{"rendered":"\n<figure class=\"wp-block-image\"><img loading=\"lazy\" decoding=\"async\" width=\"680\" height=\"372\" src=\"https:\/\/lsshollabrunn.ac.at\/wp-content\/uploads\/2019\/10\/Anmerkung-2019-10-08-163228.png\" alt=\"\" class=\"wp-image-397\" srcset=\"https:\/\/lsshollabrunn.ac.at\/wp-content\/uploads\/2019\/10\/Anmerkung-2019-10-08-163228.png 680w, https:\/\/lsshollabrunn.ac.at\/wp-content\/uploads\/2019\/10\/Anmerkung-2019-10-08-163228-300x164.png 300w, https:\/\/lsshollabrunn.ac.at\/wp-content\/uploads\/2019\/10\/Anmerkung-2019-10-08-163228-600x328.png 600w\" sizes=\"auto, (max-width: 680px) 100vw, 680px\" \/><figcaption>Foto: Archiv der Schule<\/figcaption><\/figure>\n\n\n\n<p> <\/p>\n\n\n\n<p>1922 &#8211; Vereinbarung des Landes Nieder\u00f6sterreich mit der Kongregation der Schulschwestern (Amstetten) zur \u00dcbernahme der Leitung der Erziehung und der Schule im Landesjugendheim Hollabrunn  <\/p>\n\n\n\n<ul class=\"wp-block-list\"><li>Er\u00f6ffnung einer koedukativ gef\u00fchrten, dreiklassigen Volksschule mit \u00d6ffentlichkeitsrecht<\/li><li>In Ermangelung von Unterrichtsr\u00e4umen fand Unterricht auch im Freien statt.<\/li><\/ul>\n\n\n\n<figure class=\"wp-block-image\"><img loading=\"lazy\" decoding=\"async\" width=\"542\" height=\"386\" src=\"https:\/\/lsshollabrunn.ac.at\/wp-content\/uploads\/2019\/10\/Geschichte_Schule_2.png\" alt=\"\" class=\"wp-image-401\" srcset=\"https:\/\/lsshollabrunn.ac.at\/wp-content\/uploads\/2019\/10\/Geschichte_Schule_2.png 542w, https:\/\/lsshollabrunn.ac.at\/wp-content\/uploads\/2019\/10\/Geschichte_Schule_2-300x214.png 300w\" sizes=\"auto, (max-width: 542px) 100vw, 542px\" \/><figcaption> Foto: Archiv der Schule <\/figcaption><\/figure>\n\n\n\n<p>1926 &#8211; Er\u00f6ffnung des neuen Schulgeb\u00e4udes in der Meixnergasse<\/p>\n\n\n\n<ul class=\"wp-block-gallery columns-2 is-cropped wp-block-gallery-1 is-layout-flex wp-block-gallery-is-layout-flex\"><li class=\"blocks-gallery-item\"><figure><img loading=\"lazy\" decoding=\"async\" width=\"506\" height=\"337\" src=\"https:\/\/lsshollabrunn.ac.at\/wp-content\/uploads\/2019\/10\/Geschichte_Schule_4.png\" alt=\"\" data-id=\"404\" data-link=\"https:\/\/lsshollabrunn.ac.at\/?attachment_id=404\" class=\"wp-image-404\" srcset=\"https:\/\/lsshollabrunn.ac.at\/wp-content\/uploads\/2019\/10\/Geschichte_Schule_4.png 506w, https:\/\/lsshollabrunn.ac.at\/wp-content\/uploads\/2019\/10\/Geschichte_Schule_4-300x200.png 300w\" sizes=\"auto, (max-width: 506px) 100vw, 506px\" \/><figcaption> Foto: Archiv der Schule <\/figcaption><\/figure><\/li><li class=\"blocks-gallery-item\"><figure><img loading=\"lazy\" decoding=\"async\" width=\"535\" height=\"321\" src=\"https:\/\/lsshollabrunn.ac.at\/wp-content\/uploads\/2019\/10\/Geschichte_Schule3.png\" alt=\"\" data-id=\"405\" data-link=\"https:\/\/lsshollabrunn.ac.at\/?attachment_id=405\" class=\"wp-image-405\" srcset=\"https:\/\/lsshollabrunn.ac.at\/wp-content\/uploads\/2019\/10\/Geschichte_Schule3.png 535w, https:\/\/lsshollabrunn.ac.at\/wp-content\/uploads\/2019\/10\/Geschichte_Schule3-300x180.png 300w\" sizes=\"auto, (max-width: 535px) 100vw, 535px\" \/><figcaption> Foto: Archiv der Schule <\/figcaption><\/figure><\/li><\/ul>\n\n\n\n<p>1945 &#8211; Schlie\u00dfung der Schule in den letzten Kriegstagen des Zweiten Weltkriegs <\/p>\n\n\n\n<p>Nach Kriegsende wird Ende Mai der Unterricht wieder aufgenommen.<\/p>\n\n\n\n<p>1948 &#8211; Die &#8222;Privat-Volksschule f\u00fcr Knaben und M\u00e4dchen&#8220; erh\u00e4lt das&nbsp; \u00d6ffentlichkeitsrecht. <\/p>\n\n\n\n<p>\n\n\n\n\n\n\n\n\n\n\n\n\n\n\n\n\n1953 &#8211; Brand des Schulgeb\u00e4udes und Ausbau des 2.\nStockwerkes\n\n\n\n<\/p>\n\n\n\n<figure class=\"wp-block-image\"><img loading=\"lazy\" decoding=\"async\" width=\"592\" height=\"402\" src=\"https:\/\/lsshollabrunn.ac.at\/wp-content\/uploads\/2019\/10\/Geschichte_Schule_5.png\" alt=\"\" class=\"wp-image-406\" srcset=\"https:\/\/lsshollabrunn.ac.at\/wp-content\/uploads\/2019\/10\/Geschichte_Schule_5.png 592w, https:\/\/lsshollabrunn.ac.at\/wp-content\/uploads\/2019\/10\/Geschichte_Schule_5-300x204.png 300w\" sizes=\"auto, (max-width: 592px) 100vw, 592px\" \/><figcaption> Foto: Archiv der Schule <\/figcaption><\/figure>\n\n\n\n<p>1964 &#8211; Die bisherige Volksschule\nwird nun als Sondererziehungsschule gef\u00fchrt.<\/p>\n\n\n\n<p>1966 &#8211; Er\u00f6ffnung des\nangeschlossenen Polytechnischen Lehrganges<\/p>\n\n\n\n<p>1970 &#8211; zus\u00e4tzlicher\nPflichtschulunterricht nach dem Lehrplan der Hauptschule<\/p>\n\n\n\n<p>1991 &#8211; Er\u00f6ffnung einer angeschlossenen Oberstufenklasse der Allgemeinen Sonderschule <\/p>\n\n\n\n<p>1996 &#8211; Neue Bezeichnung der Schule: N\u00d6 Landessonderschule <\/p>\n\n\n\n<p>2004 &#8211; Die Kongregation der Schulschwestern beendet den Vertrag mit dem Land N\u00d6 und damit auch ihr langj\u00e4hriges Wirken im Landesjugendheim und in der Landessonderschule.<\/p>\n\n\n\n<p> 2013 &#8211; Genehmigung des Schulversuchs \u201eF\u00fchrung von inklusiven Klassen\u201c<\/p>\n\n\n\n<figure class=\"wp-block-image\"><img loading=\"lazy\" decoding=\"async\" width=\"550\" height=\"386\" src=\"https:\/\/lsshollabrunn.ac.at\/wp-content\/uploads\/2019\/10\/Geschichte_Schule_6.png\" alt=\"\" class=\"wp-image-408\" srcset=\"https:\/\/lsshollabrunn.ac.at\/wp-content\/uploads\/2019\/10\/Geschichte_Schule_6.png 550w, https:\/\/lsshollabrunn.ac.at\/wp-content\/uploads\/2019\/10\/Geschichte_Schule_6-300x211.png 300w\" sizes=\"auto, (max-width: 550px) 100vw, 550px\" \/><figcaption> Foto: Archiv der Schule <\/figcaption><\/figure>\n\n\n\n<p><\/p>\n\n\n\n<p> <\/p>\n","protected":false},"excerpt":{"rendered":"<p>1922 &#8211; Vereinbarung des Landes Nieder\u00f6sterreich mit der Kongregation der Schulschwestern (Amstetten) zur \u00dcbernahme der Leitung der Erziehung und der Schule im Landesjugendheim Hollabrunn Er\u00f6ffnung einer koedukativ gef\u00fchrten, dreiklassigen Volksschule mit \u00d6ffentlichkeitsrecht In Ermangelung von Unterrichtsr\u00e4umen fand Unterricht auch im Freien statt. 1926 &#8211; Er\u00f6ffnung des neuen Schulgeb\u00e4udes in der Meixnergasse 1945 &#8211; Schlie\u00dfung der [&hellip;]<\/p>\n","protected":false},"author":1,"featured_media":0,"parent":0,"menu_order":0,"comment_status":"closed","ping_status":"closed","template":"","meta":{"footnotes":""},"class_list":["post-195","page","type-page","status-publish","hentry"],"_links":{"self":[{"href":"https:\/\/lsshollabrunn.ac.at\/index.php?rest_route=\/wp\/v2\/pages\/195","targetHints":{"allow":["GET"]}}],"collection":[{"href":"https:\/\/lsshollabrunn.ac.at\/index.php?rest_route=\/wp\/v2\/pages"}],"about":[{"href":"https:\/\/lsshollabrunn.ac.at\/index.php?rest_route=\/wp\/v2\/types\/page"}],"author":[{"embeddable":true,"href":"https:\/\/lsshollabrunn.ac.at\/index.php?rest_route=\/wp\/v2\/users\/1"}],"replies":[{"embeddable":true,"href":"https:\/\/lsshollabrunn.ac.at\/index.php?rest_route=%2Fwp%2Fv2%2Fcomments&post=195"}],"version-history":[{"count":12,"href":"https:\/\/lsshollabrunn.ac.at\/index.php?rest_route=\/wp\/v2\/pages\/195\/revisions"}],"predecessor-version":[{"id":813,"href":"https:\/\/lsshollabrunn.ac.at\/index.php?rest_route=\/wp\/v2\/pages\/195\/revisions\/813"}],"wp:attachment":[{"href":"https:\/\/lsshollabrunn.ac.at\/index.php?rest_route=%2Fwp%2Fv2%2Fmedia&parent=195"}],"curies":[{"name":"wp","href":"https:\/\/api.w.org\/{rel}","templated":true}]}}