{"id":201,"date":"2019-08-24T11:26:54","date_gmt":"2019-08-24T11:26:54","guid":{"rendered":"https:\/\/lsshollabrunn.ac.at\/?page_id=201"},"modified":"2019-10-14T12:17:38","modified_gmt":"2019-10-14T12:17:38","slug":"zielgruppe","status":"publish","type":"page","link":"https:\/\/lsshollabrunn.ac.at\/?page_id=201","title":{"rendered":"Zielgruppe"},"content":{"rendered":"\n<div class=\"wp-block-image\"><figure class=\"alignright is-resized\"><img loading=\"lazy\" decoding=\"async\" src=\"https:\/\/lsshollabrunn.ac.at\/wp-content\/uploads\/2019\/08\/DSC05481-1-683x1024.jpg\" alt=\"\" class=\"wp-image-381\" width=\"224\" height=\"335\" srcset=\"https:\/\/lsshollabrunn.ac.at\/wp-content\/uploads\/2019\/08\/DSC05481-1-683x1024.jpg 683w, https:\/\/lsshollabrunn.ac.at\/wp-content\/uploads\/2019\/08\/DSC05481-1-200x300.jpg 200w, https:\/\/lsshollabrunn.ac.at\/wp-content\/uploads\/2019\/08\/DSC05481-1-768x1152.jpg 768w, https:\/\/lsshollabrunn.ac.at\/wp-content\/uploads\/2019\/08\/DSC05481-1-600x900.jpg 600w\" sizes=\"auto, (max-width: 224px) 100vw, 224px\" \/><\/figure><\/div>\n\n\n\n<p>Unsere Schule ist ein Angebot des Landes Nieder\u00f6sterreich f\u00fcr Kinder und Jugendliche des Sozialp\u00e4dagogischen Betreuungszentrums Hollabrunn. <\/p>\n\n\n\n<p>Wenn Sch\u00fclerinnen und Sch\u00fcler w\u00e4hrend der Dauer der sozialp\u00e4dagogischen Betreuung in einer der Wohngruppen, im Kriseninterventionszentrum bzw. im Mutter-Kind-Haus ihre Stammschule nicht weiterhin besuchen k\u00f6nnen, bieten wir ihnen in dieser Zeit eine sehr individuelle p\u00e4dagogische Begleitung und schulische F\u00f6rderung. <\/p>\n\n\n\n<p>Die F\u00fchrung von inklusiven Klassen erm\u00f6glicht es uns, auch Sch\u00fclerinnen und Sch\u00fclern ohne Sonderp\u00e4dagogischen F\u00f6rderbedarf, aber mit einem hohen Unterst\u00fctzungsbedarf, einen auf ihre Bed\u00fcrfnisse und M\u00f6glichkeiten abgestimmten Unterricht zu bieten. <\/p>\n","protected":false},"excerpt":{"rendered":"<p>Unsere Schule ist ein Angebot des Landes Nieder\u00f6sterreich f\u00fcr Kinder und Jugendliche des Sozialp\u00e4dagogischen Betreuungszentrums Hollabrunn. Wenn Sch\u00fclerinnen und Sch\u00fcler w\u00e4hrend der Dauer der sozialp\u00e4dagogischen Betreuung in einer der Wohngruppen, im Kriseninterventionszentrum bzw. im Mutter-Kind-Haus ihre Stammschule nicht weiterhin besuchen k\u00f6nnen, bieten wir ihnen in dieser Zeit eine sehr individuelle p\u00e4dagogische Begleitung und schulische F\u00f6rderung. [&hellip;]<\/p>\n","protected":false},"author":1,"featured_media":0,"parent":0,"menu_order":0,"comment_status":"closed","ping_status":"closed","template":"","meta":{"footnotes":""},"class_list":["post-201","page","type-page","status-publish","hentry"],"_links":{"self":[{"href":"https:\/\/lsshollabrunn.ac.at\/index.php?rest_route=\/wp\/v2\/pages\/201","targetHints":{"allow":["GET"]}}],"collection":[{"href":"https:\/\/lsshollabrunn.ac.at\/index.php?rest_route=\/wp\/v2\/pages"}],"about":[{"href":"https:\/\/lsshollabrunn.ac.at\/index.php?rest_route=\/wp\/v2\/types\/page"}],"author":[{"embeddable":true,"href":"https:\/\/lsshollabrunn.ac.at\/index.php?rest_route=\/wp\/v2\/users\/1"}],"replies":[{"embeddable":true,"href":"https:\/\/lsshollabrunn.ac.at\/index.php?rest_route=%2Fwp%2Fv2%2Fcomments&post=201"}],"version-history":[{"count":4,"href":"https:\/\/lsshollabrunn.ac.at\/index.php?rest_route=\/wp\/v2\/pages\/201\/revisions"}],"predecessor-version":[{"id":542,"href":"https:\/\/lsshollabrunn.ac.at\/index.php?rest_route=\/wp\/v2\/pages\/201\/revisions\/542"}],"wp:attachment":[{"href":"https:\/\/lsshollabrunn.ac.at\/index.php?rest_route=%2Fwp%2Fv2%2Fmedia&parent=201"}],"curies":[{"name":"wp","href":"https:\/\/api.w.org\/{rel}","templated":true}]}}