{"id":208,"date":"2019-08-24T11:27:24","date_gmt":"2019-08-24T11:27:24","guid":{"rendered":"https:\/\/lsshollabrunn.ac.at\/?page_id=208"},"modified":"2019-11-19T17:33:41","modified_gmt":"2019-11-19T17:33:41","slug":"schulische-angebote","status":"publish","type":"page","link":"https:\/\/lsshollabrunn.ac.at\/?page_id=208","title":{"rendered":"schulische Angebote"},"content":{"rendered":"\n<div class=\"wp-block-image\"><figure class=\"alignright is-resized\"><img loading=\"lazy\" decoding=\"async\" src=\"https:\/\/lsshollabrunn.ac.at\/wp-content\/uploads\/2019\/10\/DSC05441-1024x683.jpg\" alt=\"\" class=\"wp-image-457\" width=\"303\" height=\"202\" srcset=\"https:\/\/lsshollabrunn.ac.at\/wp-content\/uploads\/2019\/10\/DSC05441-1024x683.jpg 1024w, https:\/\/lsshollabrunn.ac.at\/wp-content\/uploads\/2019\/10\/DSC05441-300x200.jpg 300w, https:\/\/lsshollabrunn.ac.at\/wp-content\/uploads\/2019\/10\/DSC05441-768x512.jpg 768w, https:\/\/lsshollabrunn.ac.at\/wp-content\/uploads\/2019\/10\/DSC05441-600x400.jpg 600w\" sizes=\"auto, (max-width: 303px) 100vw, 303px\" \/><\/figure><\/div>\n\n\n\n<ul class=\"wp-block-list\"><li>Unsere Schule bietet eine Vielzahl an Lehrpl\u00e4nen an (VS, MS, ASO, PTS, &#8230;).<\/li><li>Die Kinder und Jugendlichen arbeiten ausschlie\u00dflich in Klein- und Kleinstgruppen, sowie phasenweise in Einzelbetreuung.<\/li><li>Team Teaching<\/li><li>inklusive Klassen (Kinder und Jugendliche mit und ohne sonderp\u00e4dagogischem F\u00f6rderbedarf)<\/li><li>Wir bieten individuelle schulische Begleitung und k\u00f6nnen uns flexibel auf die Bed\u00fcrfnisse der Sch\u00fclerinnen und Sch\u00fcler einstellen.<\/li><li>Kontakt mit den Herkunftsfamilien, sowie den Wohngruppen des Sozialp\u00e4dagogischen Betreuungszentrums Hollabrunn<\/li><\/ul>\n","protected":false},"excerpt":{"rendered":"<p>Unsere Schule bietet eine Vielzahl an Lehrpl\u00e4nen an (VS, MS, ASO, PTS, &#8230;). Die Kinder und Jugendlichen arbeiten ausschlie\u00dflich in Klein- und Kleinstgruppen, sowie phasenweise in Einzelbetreuung. Team Teaching inklusive Klassen (Kinder und Jugendliche mit und ohne sonderp\u00e4dagogischem F\u00f6rderbedarf) Wir bieten individuelle schulische Begleitung und k\u00f6nnen uns flexibel auf die Bed\u00fcrfnisse der Sch\u00fclerinnen und Sch\u00fcler [&hellip;]<\/p>\n","protected":false},"author":1,"featured_media":0,"parent":0,"menu_order":0,"comment_status":"closed","ping_status":"closed","template":"","meta":{"footnotes":""},"class_list":["post-208","page","type-page","status-publish","hentry"],"_links":{"self":[{"href":"https:\/\/lsshollabrunn.ac.at\/index.php?rest_route=\/wp\/v2\/pages\/208","targetHints":{"allow":["GET"]}}],"collection":[{"href":"https:\/\/lsshollabrunn.ac.at\/index.php?rest_route=\/wp\/v2\/pages"}],"about":[{"href":"https:\/\/lsshollabrunn.ac.at\/index.php?rest_route=\/wp\/v2\/types\/page"}],"author":[{"embeddable":true,"href":"https:\/\/lsshollabrunn.ac.at\/index.php?rest_route=\/wp\/v2\/users\/1"}],"replies":[{"embeddable":true,"href":"https:\/\/lsshollabrunn.ac.at\/index.php?rest_route=%2Fwp%2Fv2%2Fcomments&post=208"}],"version-history":[{"count":6,"href":"https:\/\/lsshollabrunn.ac.at\/index.php?rest_route=\/wp\/v2\/pages\/208\/revisions"}],"predecessor-version":[{"id":789,"href":"https:\/\/lsshollabrunn.ac.at\/index.php?rest_route=\/wp\/v2\/pages\/208\/revisions\/789"}],"wp:attachment":[{"href":"https:\/\/lsshollabrunn.ac.at\/index.php?rest_route=%2Fwp%2Fv2%2Fmedia&parent=208"}],"curies":[{"name":"wp","href":"https:\/\/api.w.org\/{rel}","templated":true}]}}