{"id":63,"date":"2019-07-08T12:21:00","date_gmt":"2019-07-08T12:21:00","guid":{"rendered":"https:\/\/lsshollabrunn.ac.at\/?page_id=63"},"modified":"2019-12-17T07:19:54","modified_gmt":"2019-12-17T07:19:54","slug":"foerderkonzept-und-leitbild","status":"publish","type":"page","link":"https:\/\/lsshollabrunn.ac.at\/?page_id=63","title":{"rendered":"Leitbild"},"content":{"rendered":"\n<div class=\"wp-block-image\"><figure class=\"alignright is-resized\"><img loading=\"lazy\" decoding=\"async\" src=\"https:\/\/lsshollabrunn.ac.at\/wp-content\/uploads\/2019\/08\/DSC05420-1-1024x683.jpg\" alt=\"\" class=\"wp-image-367\" width=\"399\" height=\"265\" srcset=\"https:\/\/lsshollabrunn.ac.at\/wp-content\/uploads\/2019\/08\/DSC05420-1-1024x683.jpg 1024w, https:\/\/lsshollabrunn.ac.at\/wp-content\/uploads\/2019\/08\/DSC05420-1-300x200.jpg 300w, https:\/\/lsshollabrunn.ac.at\/wp-content\/uploads\/2019\/08\/DSC05420-1-768x512.jpg 768w, https:\/\/lsshollabrunn.ac.at\/wp-content\/uploads\/2019\/08\/DSC05420-1-600x400.jpg 600w\" sizes=\"auto, (max-width: 399px) 100vw, 399px\" \/><\/figure><\/div>\n\n\n\n<p><strong>Positive Schulerlebnisse<\/strong><\/p>\n\n\n\n<p>Wir sind\neine Schule, in der die Kinder und Jugendlichen ein angenehmes und positives\nSchulklima vorfinden sollen. &nbsp;Ziel ist es,\nden Sch\u00fclerinnen und Sch\u00fclern eine sch\u00f6ne Zeit bis zum \u00dcbergang in die folgende\noder zur R\u00fcckkehr in ihre urspr\u00fcngliche Schule zu erm\u00f6glichen. Eine\ngrunds\u00e4tzlich wertsch\u00e4tzende Haltung aller am Schulleben beteiligten Personen\nist uns wichtig. Gr\u00f6\u00dftm\u00f6gliche Flexibilit\u00e4t vonseiten unserer Lehrpersonen sowie\ndie pers\u00f6nliche Beziehung zu den einzelnen Kindern und Jugendlichen machen es\nm\u00f6glich, nicht nur zu unterrichten, sondern auch auf die individuellen W\u00fcnsche,\nAnforderungen und Besonderheiten zu reagieren und bed\u00fcrfnisorientiert zu\narbeiten.<\/p>\n\n\n\n<p><strong>Lebensbereich Schule<\/strong><\/p>\n\n\n\n<p>Wir bem\u00fchen\nuns, den Kindern und Jugendlichen Stabilit\u00e4t, Struktur, ein geregeltes\nMiteinander, Ordnung, Sicherheit und Perspektiven zu bieten. <\/p>\n\n\n\n<p>Durch regelm\u00e4\u00dfige Vernetzungsgespr\u00e4che mit den Sozialp\u00e4dagoginnen und Sozialp\u00e4dagogen des SBZ (Sozialp\u00e4dagogischen Betreuungszentrums) Hollabrunn sind wir mit dem allt\u00e4glichen Umfeld der Kinder und Jugendlichen in st\u00e4ndigem Kontakt und k\u00f6nnen so auf individuelle Bed\u00fcrfnisse eingehen und eventuelle Anpassungen oder Ver\u00e4nderungen schnell vornehmen.&nbsp; Dadurch erfahren unsere Sch\u00fclerinnen und Sch\u00fcler die Sicherheit, die das gemeinsame Leben im Unterricht erleichtert.<\/p>\n\n\n\n<p>Wir legen\ngro\u00dfen Wert auf ein gutes soziales Miteinander, trotz aller und mit allen\nHerausforderungen, die damit einhergehen. <\/p>\n\n\n\n<p>Ein wichtiges\nMotto an unserer Schule: Jeder Tag ist eine neue Chance.<\/p>\n\n\n\n<p><strong>Lernen<\/strong><\/p>\n\n\n\n<p>Wir\nvermitteln den Sch\u00fclerinnen und Sch\u00fclern entsprechend ihrem Leistungsstand,\nihrer Aufnahmef\u00e4higkeit, ihrem Konzentrationsverm\u00f6gen sowie ihren emotionalen\nBed\u00fcrfnissen Wissen, Kompetenzen und Kenntnisse, die ihnen die R\u00fcckkehr in ihre\nStammschule oder den Einstieg in eine weiterf\u00fchrende Schule m\u00f6glichst\nerleichtern. Wir bieten den Kindern und Jugendlichen einen Ort, an dem sie ihre\nBegabungen und St\u00e4rken finden und ausleben k\u00f6nnen.<\/p>\n\n\n\n<p>Wichtig ist\nuns ebenso, dass unsere Sch\u00fclerinnen und Sch\u00fcler eine altersad\u00e4quate Entfaltung\nim musisch-kreativen, k\u00f6rperlich-sportlichen, sozial-emotionalen und\nhandwerklich-hauswirtschaftlichen Bereich erfahren k\u00f6nnen.<\/p>\n\n\n\n<p>Durch gemeinsame Erlebnisse, Feste und Feiern, an denen alle Sch\u00fclerinnen und Sch\u00fcler nicht nur teilnehmen, sondern auch aktiv mitwirken, wollen wir ihr soziales Miteinander und ihr Engagement st\u00e4rken.<\/p>\n","protected":false},"excerpt":{"rendered":"<p>Positive Schulerlebnisse Wir sind eine Schule, in der die Kinder und Jugendlichen ein angenehmes und positives Schulklima vorfinden sollen. &nbsp;Ziel ist es, den Sch\u00fclerinnen und Sch\u00fclern eine sch\u00f6ne Zeit bis zum \u00dcbergang in die folgende oder zur R\u00fcckkehr in ihre urspr\u00fcngliche Schule zu erm\u00f6glichen. Eine grunds\u00e4tzlich wertsch\u00e4tzende Haltung aller am Schulleben beteiligten Personen ist uns [&hellip;]<\/p>\n","protected":false},"author":1,"featured_media":0,"parent":0,"menu_order":0,"comment_status":"closed","ping_status":"closed","template":"","meta":{"footnotes":""},"class_list":["post-63","page","type-page","status-publish","hentry"],"_links":{"self":[{"href":"https:\/\/lsshollabrunn.ac.at\/index.php?rest_route=\/wp\/v2\/pages\/63","targetHints":{"allow":["GET"]}}],"collection":[{"href":"https:\/\/lsshollabrunn.ac.at\/index.php?rest_route=\/wp\/v2\/pages"}],"about":[{"href":"https:\/\/lsshollabrunn.ac.at\/index.php?rest_route=\/wp\/v2\/types\/page"}],"author":[{"embeddable":true,"href":"https:\/\/lsshollabrunn.ac.at\/index.php?rest_route=\/wp\/v2\/users\/1"}],"replies":[{"embeddable":true,"href":"https:\/\/lsshollabrunn.ac.at\/index.php?rest_route=%2Fwp%2Fv2%2Fcomments&post=63"}],"version-history":[{"count":8,"href":"https:\/\/lsshollabrunn.ac.at\/index.php?rest_route=\/wp\/v2\/pages\/63\/revisions"}],"predecessor-version":[{"id":822,"href":"https:\/\/lsshollabrunn.ac.at\/index.php?rest_route=\/wp\/v2\/pages\/63\/revisions\/822"}],"wp:attachment":[{"href":"https:\/\/lsshollabrunn.ac.at\/index.php?rest_route=%2Fwp%2Fv2%2Fmedia&parent=63"}],"curies":[{"name":"wp","href":"https:\/\/api.w.org\/{rel}","templated":true}]}}